{"id":67769,"date":"2016-10-20T08:33:52","date_gmt":"2016-10-20T15:33:52","guid":{"rendered":"http:\/\/jonestown.sdsu.edu\/?page_id=67769"},"modified":"2018-10-18T15:43:38","modified_gmt":"2018-10-18T22:43:38","slug":"a-reflection-on-ann-elizabeth-moore-and-carolyn-moore-layton","status":"publish","type":"page","link":"https:\/\/jonestown.sdsu.edu\/?page_id=67769","title":{"rendered":"A reflection on Ann Elizabeth Moore and Carolyn Moore Layton"},"content":{"rendered":"<p><em>(Luis \u00c1ngel Gonz\u00e1lez Rocha is a Bachelor\u2019s degree student in History and a Professor of Classical Nahuatl at the Department of History at University of Guanajuato in Mexico. The original Spanish from which this article is adapted is <a href=\"http:\/\/jonestown.sdsu.edu\/?page_id=67767\">here<\/a>. His other article is <\/em><em><a href=\"http:\/\/jonestown.sdsu.edu\/?page_id=67765\">Project translates Jonestown documents into Spanish<\/a><\/em>. <em>His complete collection of articles and translations of Jonestown documents into Spanish appears\u00a0<\/em><a href=\"http:\/\/jonestown.sdsu.edu\/?page_id=71586\"><em>here.\u00a0He can be reached at <\/em><a href=\"mailto:axayacatl.ahuizotl@hotmail.com\"><em>axayacatl.ahuizotl@hotmail.com<\/em><\/a><em>.)<\/em><\/p>\n<p>In history we often speak about \u201cvillains,\u201d something that can be understood, since it is customary to divide the world between \u201cheroes\u201d and \u201cvillains.\u201d Let us consider some examples taken from the history of Mexico. It isn\u2019t the same to speak about Hidalgo or Juarez, as to speak about Porfirio D\u00edaz or Santa Ana. Luis Gonzalez y Gonzalez, historian of Michoacan, describes this as \u201cBronze History\u201d and, sadly, it is the kind of history that appears in the majority of textbooks used in basic education in Mexico.<\/p>\n<p>I cannot agree with this approach to history. It is true that we can take a few useful lessons from the actions of certain historical figures \u2013 basic lessons in knowing what to do and what not to do \u2013 but at the moment we place these historical characters on an altar or send them to hell, we are committing a terrible mistake, because that only dehumanizes them.<\/p>\n<p>The historian \u2013 the perspective from which I am writing \u2013 is, in the words of Marc Bloch, \u201cthe ogre of the legend. Where he smells human flesh, he knows that there will be his prey.\u201d But the human being has very unpredictable behavior, so difficult to predict, that it invalidates the cyclical conception of history, that is, the idea that all events in that history are repeated.<\/p>\n<p>Taking all these notions about human behavior into consideration must be tied to the view that every event, every action from the characters involved in it, was influenced by a particular context. Let us imagine that we are analyzing a document from the sixteenth century, specifically from New Spain. We must consider basic aspects: Who wrote it? Why? To whom it was written? And, in other more profound aspects: What conception of the world did the document\u2019s author have? Where was he from, and how did that affect his worldview? Most importantly, can we learn to look at the document itself from the author\u2019s perspective? Can we learn to understand the actions taken by people in the past, even if those actions would be unthinkable today? If we can, we are able to consider \u2013 for example \u2013 the burning of the codices of the sixteenth century from the point of view of the people of that age, rather than focus on the loss which people today feel over that decision .<\/p>\n<p>A little more than one year ago, I knew little about the Jonestown tragedy and, I must admit, I was truly shocked, specially after seeing the photographs of the carnage, as well hearing audiotape \u201cQ042.\u201d Over and over again, I asked myself how this could have happened. I watched videos posted on the web, visited different sensationalist websites, and read various conspiracy theories. Finally, I logged into the website of the Jonestown Institute, where, in contrast to other sites, a vast collection of primary sources, articles, personal reflections, photographs, and research was available. The website states as its principal objective to offer different perspectives about Jonestown, and in that, it succeeds very well.<\/p>\n<p>I also realized how little about the tragedy was known among Spanish speakers. For this reason, I translated the <a href=\"http:\/\/jonestown.sdsu.edu\/?page_id=13938\">last letter of Ann Elizabeth Moore<\/a> into Spanish. After that, I contacted Dr. Rebecca Moore, the website\u2019s co-manager to ask her permission to use my translation in future projects. In her reply, she not only allowed me to use the translation for any purpose I might think appropriate, but also asked my permission to publish it on the institute\u2019s website. Of course I accepted \u2013 it is <a href=\"http:\/\/jonestown.sdsu.edu\/?page_id=65465\">here<\/a> \u2013 and from that moment, I became more interested in translating other documents, <a href=\"http:\/\/jonestown.sdsu.edu\/?page_id=67765\">a work that has not stopped<\/a>.<\/p>\n<p>Among the translations on which I am working are the letters of <a href=\"http:\/\/jonestown.sdsu.edu\/?page_id=14112\">Ann Elizabeth Moore<\/a> and <a href=\"http:\/\/jonestown.sdsu.edu\/?page_id=13232\">Carolyn Moore Layton<\/a>. What really grabbed my attention was <a href=\"http:\/\/jonestown.sdsu.edu\/?page_id=34305\">what Dr. Moore wrote<\/a> about her sister: \u201cNevertheless, Annie can be portrayed as one of the villains in the Jonestown story.\u201d<\/p>\n<p>Can it be really like that? As I say, I do not support the use of these words in history. That led me to offer a perspective which is closer to that of a historian, rather than personal.<\/p>\n<p>As I read the letters of Ann and Carolyn Moore, I place the two women as reflections of the age in which they lived. By all accounts, Ann was a joyful and enthusiastic young woman who wanted to change the world, an ambition many of us had when we were young. She always showed great loyalty, not only toward Peoples Temple, but also for her nursing profession which she exercised until the end of her days. In her letters, you can see a strong sense of love toward this health science. It is really hard for me to believe the way she ended, and more for being so involved in the final act itself. Her cause of death raised additional questions for me, since she was one of only two persons \u2013 the other being Jim Jones \u2013 who died of a gunshot wound. After reading <a href=\"http:\/\/jonestown.sdsu.edu\/wp-content\/uploads\/2013\/10\/AnnElizabethMoore.pdf\">Ann\u2019s autopsy report<\/a>, Francisco Javier Guerrero Ram\u00edrez, a colleague, and I came to the conclusion that it might be quite possible that she didn\u2019t kill herself, considering the trajectory of the shot. Could this mean that she changed her mind about dying that day, and someone had to kill her? But that would contradict the message of her last letter, that she didn\u2019t regret dying. Was it possible someone shot her in order to stop her suffering? But this would raise too many conjectures.<\/p>\n<p>Through the letters that I have been able to read so far, I conceive of Carolyn Moore Layton as someone politically active, with strong ideals and principles, a woman whose relationship with Jim Jones put her in a high position within the Peoples Temple organization. It is quite likely that her radical attitude was motivated by the context, that is, an America embroiled in a Cold War against the Soviet Union. But there were consequences \u2013 if you had Marxist or communist ideologies, you were demonized by the society at large \u2013 and Carolyn knew this.<\/p>\n<p>The letters of Carolyn also show great concern for the education of the children and teenagers in Jonestown, a great enthusiasm for political philosophy, and a deep desire to improve the daily life of the Jonestown community.<\/p>\n<p>Also noteworthy to me was that, despite having almost opposite personalities, both were able to reach high positions within the Temple leadership. Ann\u2019s letters show that she truly believed in Christianity as well in the miracles performed by Jim Jones, while Carolyn\u2019s letters steer far away from religious aspects. These kinds of points are important to consider, before we embrace theories about brainwashing in Jonestown, or to simply tag these victims as religious fanatics.<\/p>\n<p>I do not intend for this article to reveal anything new, but simply make known these aspects that I consider important. Neither do I pretend to justify the actions of these two women, nor do I want to demonize them. I am just inviting all of us to consider this subject from a different perspective.<\/p>\n<p>What could that perspective be? In my view, it is to get us close to the history of Jonestown through the individuals who were part of it. Further, I believe we all benefit when investigations continue, to ensure that their names, their actions, their dreams and \u2013 yes \u2013 their failures do not fall into oblivion. That, in my view, is the real death of a person.<\/p>\n<p>May they rest in peace and may the work on this subject never end.<\/p>\n<p>&nbsp;<\/p>\n<p><strong>References<\/strong><\/p>\n<p>BLOCH, Marc. 1996 <em>Apolog\u00eda para la Historia o el Oficio de Historiador<\/em>, Edici\u00f3n cr\u00edtica preparada por \u00c9tienne Bloch, presentaci\u00f3n a la edici\u00f3n en espa\u00f1ol por Carlos A. Aguirre Rojas, prefacio a la edici\u00f3n francesa por Jacques Le Goff, traducci\u00f3n por Mar\u00eda Jim\u00e9nez y Daniela Zaslavsky, Instituo Nacional de Antropolog\u00eda e Historia, Fondo de Cultura Econ\u00f3mica, M\u00e9xico.<\/p>\n<p>GONZ\u00c1LEZ Y GONZ\u00c1LEZ, Luis. 1998 \u201cDe la M\u00faltiple Utilizaci\u00f3n de la Historia\u201d en Historia \u00bfPara qu\u00e9?, 17\u00aa edici\u00f3n, editorial Siglo XXI, M\u00e9xico. Disponible en <a href=\"https:\/\/teoriadelahistoria.wordpress.com\/biblioteca\/de-la-multiple-utilizacion-de-la-historia_luis-gonzalez-y-gonzalez\/\">https:\/\/teoriadelahistoria.wordpress.com\/biblioteca\/de-la-multiple-utilizacion-de-la-historia_luis-gonzalez-y-gonzalez\/<\/a><\/p>\n<p>SALMER\u00d3N SANGUIN\u00c9S, Pedro. 2012 Falsificadores de la Historia, peri\u00f3dico La Jornada, Secci\u00f3n Opini\u00f3n, jueves 5 de abril del 2012, disponible en <a href=\"http:\/\/www.jornada.unam.mx\/2012\/04\/05\/opinion\/014a1pol\">http:\/\/www.jornada.unam.mx\/2012\/04\/05\/opinion\/014a1pol<\/a><\/p>\n<p>&nbsp;<\/p>\n","protected":false},"excerpt":{"rendered":"<p>(Luis \u00c1ngel Gonz\u00e1lez Rocha is a Bachelor\u2019s degree student in History and a Professor of Classical Nahuatl at the Department of History at University of Guanajuato in Mexico. The original Spanish from which this article is adapted is here. His other article is Project translates Jonestown documents into Spanish. His complete collection of articles and [&hellip;]<\/p>\n","protected":false},"author":2,"featured_media":0,"parent":71586,"menu_order":14,"comment_status":"closed","ping_status":"closed","template":"","meta":{"_acf_changed":false,"footnotes":""},"class_list":["post-67769","page","type-page","status-publish","hentry"],"acf":[],"_links":{"self":[{"href":"https:\/\/jonestown.sdsu.edu\/index.php?rest_route=\/wp\/v2\/pages\/67769","targetHints":{"allow":["GET"]}}],"collection":[{"href":"https:\/\/jonestown.sdsu.edu\/index.php?rest_route=\/wp\/v2\/pages"}],"about":[{"href":"https:\/\/jonestown.sdsu.edu\/index.php?rest_route=\/wp\/v2\/types\/page"}],"author":[{"embeddable":true,"href":"https:\/\/jonestown.sdsu.edu\/index.php?rest_route=\/wp\/v2\/users\/2"}],"replies":[{"embeddable":true,"href":"https:\/\/jonestown.sdsu.edu\/index.php?rest_route=%2Fwp%2Fv2%2Fcomments&post=67769"}],"version-history":[{"count":2,"href":"https:\/\/jonestown.sdsu.edu\/index.php?rest_route=\/wp\/v2\/pages\/67769\/revisions"}],"predecessor-version":[{"id":71617,"href":"https:\/\/jonestown.sdsu.edu\/index.php?rest_route=\/wp\/v2\/pages\/67769\/revisions\/71617"}],"up":[{"embeddable":true,"href":"https:\/\/jonestown.sdsu.edu\/index.php?rest_route=\/wp\/v2\/pages\/71586"}],"wp:attachment":[{"href":"https:\/\/jonestown.sdsu.edu\/index.php?rest_route=%2Fwp%2Fv2%2Fmedia&parent=67769"}],"curies":[{"name":"wp","href":"https:\/\/api.w.org\/{rel}","templated":true}]}}