{"id":82089,"date":"2018-10-01T09:14:49","date_gmt":"2018-10-01T16:14:49","guid":{"rendered":"https:\/\/jonestown.sdsu.edu\/?page_id=82089"},"modified":"2018-10-10T15:49:09","modified_gmt":"2018-10-10T22:49:09","slug":"hoja-informativa-sobre-leo-ryan","status":"publish","type":"page","link":"https:\/\/jonestown.sdsu.edu\/?page_id=82089","title":{"rendered":"Hoja informativa sobre Leo Ryan"},"content":{"rendered":"<p>Spanish translation of <a href=\"https:\/\/jonestown.sdsu.edu\/?page_id=13930\">https:\/\/jonestown.sdsu.edu\/?page_id=13930<\/a>. Traducci\u00f3n por: Luis \u00c1ngel Gonz\u00e1lez Rocha.\u00a0Correo electr\u00f3nico: <a href=\"mailto:axayacatl.ahuizotl@hotmail.com\">axayacatl.ahuizotl@hotmail.com<\/a>.<\/p>\n<p>Desde el momento en que el Peoples Temple supo que el Rep. Leo Ryan planeaba venir a Guyana con la prensa y familiares, el liderazgo fue dividido respecto a c\u00f3mo deber\u00eda de ser recibido el equipo del congresista: deber\u00edan intentar bloquear su entrada; deber\u00edan permitir al congresista y a su staff entrar, pero dejar a los dem\u00e1s afuera, o\u2014la opini\u00f3n que finalmente prevaleci\u00f3\u2014deber\u00eda la gente de Jonestown, que no tienen nada que ocultar, dejar entrar a todos.<\/p>\n<p>El debate continu\u00f3 por dos semanas y no termin\u00f3 hasta el 17 de noviembre, ya con Ryan y buena parte de su grupo sobre el terreno, en la pista de aterrizaje, del aeropuerto Port Kaituma. En el transcurso, la comunidad hab\u00eda tenido reuniones, aprobado resoluciones y firmado peticiones en contra de la visita.<\/p>\n<p>Parte de los problemas del Peoples Temple fue que no sab\u00edan qui\u00e9n era realmente Ryan. Un congresista por tres periodos\u2014gan\u00f3 una reelecci\u00f3n para un cuarto t\u00e9rmino durante las pocas semanas entre su decisi\u00f3n de ir a Jonestown y su muerte ah\u00ed\u2014representando un distrito de la pen\u00ednsula baja de San Francisco, era mejor conocido por el acta Hughes-Ryan, dise\u00f1ada para controlar las actividades clandestinas de la CIA. Ten\u00eda constituyentes que hab\u00edan migrado a Jonestown, pero su inter\u00e9s por Jonestown no hubiera sido despertado si su amigo Sam Houston\u2014padre del miembro del Templo, Bob Houston, quien muri\u00f3 en una v\u00eda ferroviaria dos a\u00f1os atr\u00e1s\u2014no le hubiera pedido al congresista observar al grupo.<\/p>\n<p>Para ayudar a los l\u00edderes de Jonestown, ante la inminente visita, un empleado an\u00f3nimo del Templo\u2014seguramente alguien de San Francisco\u2014organiz\u00f3 una hoja informativa sobre Leo Ryan. Describe al congresista como liberal en un \u201cdistrito generalmente republicano\u201d, que vot\u00f3 por Gerald Ford con un margen de 53\u201347 en 1976. El r\u00e9cord de votaci\u00f3nes de Ryan \u201ccon s\u00f3lo un par de excepciones es directamente liberal\u201d.<\/p>\n<p>A pesar de todas las perspectivas en la cuales Jim Jones pudo haber estado de acuerdo con Ryan\u2014corte en los gastos de defensa, corte en la ayuda militar a Corea del Sur, una prohibici\u00f3n a los importes de cromo de Rodesia- el congresista ten\u00eda dos manchas: \u201cvot\u00f3 a favor de la ayuda militar a Pinochet [dictador chileno Augusto] y estaba en contra de abrir\u00a0 House assassination investigations (para los asesinatos de de King y J.F.K.) y fueron las manchas en las cuales Jones se enfoc\u00f3.<\/p>\n<p>En un anuncio sobre Ryan dado a la comunidad un noviembre 7, Jones dijo \u201cpodr\u00edamos tener la invasi\u00f3n, no con armas, pero con racistas hostiles, un congresista racista hostil que vot\u00f3 por Pinochet, quien asesin\u00f3 cruelmente al presidente de Chile [Salvador Allende] y representa todo el sentimiento anti-negro\u201d. Durante una lectura de noticias el 10 de noviembre, describi\u00f3 a Ryan como alguien \u201cquien vot\u00f3 ponzo\u00f1osamente en t\u00e9rminos racistas y fascistas, y quien es un partidario de Pinochet en Chile\u201d.<\/p>\n<p>&nbsp;<\/p>\n<p><strong>Hoja informativa sobre Leo Ryan<\/strong> (Spanish translation of <a href=\"https:\/\/jonestown.sdsu.edu\/?page_id=18561\">https:\/\/jonestown.sdsu.edu\/?page_id=18561<\/a>)<\/p>\n<p>Congresista Leo Ryan\u2014hoja informativa\u2014d\u00e9cimo primer distrito, dem\u00f3crata.<\/p>\n<p>53 a\u00f1os de edad, nacido en Lincoln, Nebraska. Una carrera como profesor y director de preparatoria.<\/p>\n<p>No enlista su religi\u00f3n como hacen otros congresistas.<\/p>\n<p>Su distrito es suburbano, de collar blanco, blanco; un distrito generalmente republicano, pero no cuentan conservadores como Reagan. Antes de Ryan, el \u00e1rea de Ryan (San Bruno) era representada por el republicano liberal Pete McCloskey. Su distrito se inclin\u00f3 hacia Ford 53\u201347 en las elecciones de 1976.<\/p>\n<p>Fue electo en 1976 por una s\u00f3lida mayor\u00eda de 68\u201332, aunque en 1974 gan\u00f3 por un grand\u00edsimo 78\u201322, as\u00ed que es muy popular.<\/p>\n<p>[\u00e9l] es muy \u201ccercano\u201d a Andrew Young, quien era la voz principal en su gran homenaje, al cual algunos de nosotros asistimos en 1976. Es considerado liberal y su r\u00e9cord de votaci\u00f3n, con s\u00f3lo un par de excepciones, es estrictamente liberal, como lo siguiente:<\/p>\n<blockquote><p>PARA la reducci\u00f3n de gastos en la defensa.<\/p>\n<p>PARA la prohibici\u00f3n sobre del cromo de Rodesia.<\/p>\n<p>PARA aplazar el bombardero B-1.<\/p>\n<p>PARA una agencia de protecci\u00f3n al consumidor.<\/p>\n<p>CONTRA la construcci\u00f3n de portaviones nucleares.<\/p>\n<p>PARA detener la ayuda militar a Corea del Sur.<\/p>\n<p>CONTRA la producci\u00f3n privada de tecnolog\u00eda de Uranio.<\/p>\n<p>CONTRA el retraso en la implementaci\u00f3n de la ense\u00f1anza de medidas anti-poluciones.<\/p>\n<p>(es un gran ambientalista)<\/p><\/blockquote>\n<p>Supuestamente est\u00e1 interesado en liberar la pol\u00edtica de los E.U respecto a Sud\u00e1frica y trabaj\u00f3 con Andy Young al respecto.<\/p>\n<p>Vot\u00f3 a favor de la ayuda militar a Pinochet y estuvo en contra de la apertura de la <em>House assassination investigations<a title=\"\" href=\"#_edn1\" name=\"_ednref1\"><strong>[1]<\/strong><\/a><\/em>(los asesinatos de King y J.F.K.)<\/p>\n<p>Nota: la decisi\u00f3n de mandar ayuda militar a Pinochet pas\u00f3 por la C\u00e1mara de representantes con un 266\u2013139, pero la mayor\u00eda de la gente vot\u00f3 por ella porque E.U estaba auxiliando a \u201creg\u00edmenes incluso m\u00e1s represivos\u201d (\u00a1!).<\/p>\n<p>Por lo que Phyllis Houston me dijo, Ryan se encuentra en esto por el padre de Bob Houston, quien lo conoce y aparentemente Ryan fue director de la preparatoria en donde Houston se gradu\u00f3.<\/p>\n<p>Comit\u00e9s: <em>Internation Relations<\/em><a title=\"\" href=\"#_edn2\" name=\"_ednref2\">[2]<\/a>(es miembro de dos subcomit\u00e9s de ese comit\u00e9, <em>International Operations<\/em><a title=\"\" href=\"#_edn3\" name=\"_ednref3\">[3]<\/a> e <em>International Organizations<\/em><a title=\"\" href=\"#_edn4\" name=\"_ednref4\">[4]<\/a>). Est\u00e1 tambi\u00e9n en <em>Post Office and Civil Service Committee<\/em>.<a title=\"\" href=\"#_edn5\" name=\"_ednref5\">[5]<\/a> Labora en <em>Postal Operations and Services<\/em><a title=\"\" href=\"#_edn6\" name=\"_ednref6\">[6]<\/a>, subcomit\u00e9 del comit\u00e9 principal.<\/p>\n<p>Es muy amigo de liberales del \u00e1rea de la bah\u00eda, como los Burtons, etc. La aprobaci\u00f3n de Willie Brown sobre nosotros seguramente tuvo un fuerte efecto sobre \u00e9l.<\/p>\n<p>Sugerencia: tomar fotos de Ryan (de ser posible posando con Dad [Jim Jones]) y que el filme sea enviado a los E.U para un proceso inmediato, duplicaci\u00f3n y publicaci\u00f3n en los medios, junto con nuestra propia historia, la cual podemos transmitir por radio a Georgetown o transmitir v\u00eda c\u00f3digo morse a los E.U.A. En esto deber\u00eda de ser incluido un testimonio de Ryan sobre Jonestown.<\/p>\n<p><strong>Notes<\/strong>:<\/p>\n<p><a title=\"\" href=\"#_ednref1\" name=\"_edn1\">[1]<\/a> \u201cC\u00e1mara de investigaciones de asesinatos\u201d. Nota del traductor.<\/p>\n<p><a title=\"\" href=\"#_ednref2\" name=\"_edn2\">[2]<\/a> \u201cRelaciones Internacionales\u201d. Nota del traductor.<\/p>\n<p><a title=\"\" href=\"#_ednref3\" name=\"_edn3\">[3]<\/a> Operaciones Internacionales\u201d. Nota del traductor.<\/p>\n<p><a title=\"\" href=\"#_ednref4\" name=\"_edn4\">[4]<\/a> \u201cOrganizaciones Internacionales\u201d. Nota del traductor.<\/p>\n<p><a title=\"\" href=\"#_ednref5\" name=\"_edn5\">[5]<\/a> \u201cComit\u00e9 de servicio civil y postal\u201d. Nota del traductor.<\/p>\n<p><a title=\"\" href=\"#_ednref6\" name=\"_edn6\">[6]<\/a> \u201cOperaciones y servicios postales\u201d. Nota del traductor.<\/p>\n","protected":false},"excerpt":{"rendered":"<p>Spanish translation of https:\/\/jonestown.sdsu.edu\/?page_id=13930. Traducci\u00f3n por: Luis \u00c1ngel Gonz\u00e1lez Rocha.\u00a0Correo electr\u00f3nico: axayacatl.ahuizotl@hotmail.com. Desde el momento en que el Peoples Temple supo que el Rep. Leo Ryan planeaba venir a Guyana con la prensa y familiares, el liderazgo fue dividido respecto a c\u00f3mo deber\u00eda de ser recibido el equipo del congresista: deber\u00edan intentar bloquear su entrada; [&hellip;]<\/p>\n","protected":false},"author":2,"featured_media":0,"parent":71586,"menu_order":1,"comment_status":"closed","ping_status":"closed","template":"","meta":{"_acf_changed":false,"footnotes":""},"class_list":["post-82089","page","type-page","status-publish","hentry"],"acf":[],"_links":{"self":[{"href":"https:\/\/jonestown.sdsu.edu\/index.php?rest_route=\/wp\/v2\/pages\/82089","targetHints":{"allow":["GET"]}}],"collection":[{"href":"https:\/\/jonestown.sdsu.edu\/index.php?rest_route=\/wp\/v2\/pages"}],"about":[{"href":"https:\/\/jonestown.sdsu.edu\/index.php?rest_route=\/wp\/v2\/types\/page"}],"author":[{"embeddable":true,"href":"https:\/\/jonestown.sdsu.edu\/index.php?rest_route=\/wp\/v2\/users\/2"}],"replies":[{"embeddable":true,"href":"https:\/\/jonestown.sdsu.edu\/index.php?rest_route=%2Fwp%2Fv2%2Fcomments&post=82089"}],"version-history":[{"count":6,"href":"https:\/\/jonestown.sdsu.edu\/index.php?rest_route=\/wp\/v2\/pages\/82089\/revisions"}],"predecessor-version":[{"id":82575,"href":"https:\/\/jonestown.sdsu.edu\/index.php?rest_route=\/wp\/v2\/pages\/82089\/revisions\/82575"}],"up":[{"embeddable":true,"href":"https:\/\/jonestown.sdsu.edu\/index.php?rest_route=\/wp\/v2\/pages\/71586"}],"wp:attachment":[{"href":"https:\/\/jonestown.sdsu.edu\/index.php?rest_route=%2Fwp%2Fv2%2Fmedia&parent=82089"}],"curies":[{"name":"wp","href":"https:\/\/api.w.org\/{rel}","templated":true}]}}