{"id":82276,"date":"2018-10-02T11:10:54","date_gmt":"2018-10-02T18:10:54","guid":{"rendered":"https:\/\/jonestown.sdsu.edu\/?page_id=82276"},"modified":"2018-10-02T11:10:54","modified_gmt":"2018-10-02T18:10:54","slug":"ultimas-palabras-tish-leroy","status":"publish","type":"page","link":"https:\/\/jonestown.sdsu.edu\/?page_id=82276","title":{"rendered":"\u00daltimas palabras \u2013 Tish Leroy"},"content":{"rendered":"<p>Spanish translation of <a href=\"https:\/\/jonestown.sdsu.edu\/?page_id=13942\">https:\/\/jonestown.sdsu.edu\/?page_id=13942<\/a>. Traducci\u00f3n por: Luis \u00c1ngel Gonz\u00e1lez Rocha.\u00a0Correo electr\u00f3nico: <a href=\"mailto:axayacatl.ahuizotl@hotmail.com\">axayacatl.ahuizotl@hotmail.com<\/a>.<\/p>\n<p>Uno de los pocos art\u00edculos encontrados en el cuerpo de Jim Jones tras las muertes en Jonestown fue una simple hoja de papel sobre la cual fue escrita una nota de despedida al l\u00edder del Templo. Descrita por el FBI como \u201cuna pieza de papel de hoja de cuaderno de raya de aproximadamente 6 pulgadas por 8 pulgadas,\u201d la nota estaba \u201csaturada de fluidos corporales.\u201d Fue secada lo suficiente para que pudiera ser manipulada, pero la nota misma se encuentra manchada y la escritura no ha sido reproducida de buena manera.<\/p>\n<p>La nota fue firmada con un solo nombre\u2014\u201cTish\u201d\u2014y se cree haber sido escrita por Tish Leroy, tambi\u00e9n conocida como Laetitia Marie Eichler. Una mujer blanca de 48 a\u00f1os de edad con un antecedente en contadur\u00eda y administraci\u00f3n de oficina, Tish Leroy estuvo en la Comisi\u00f3n de Planeaci\u00f3n del Templo y en la Oficina Agricultural de Jonestown. Tambi\u00e9n represent\u00f3 a Jonestown en un n\u00famero de reuniones con oficiales del gobierno de Guyana. Descripciones de su lealtad hacia Jones y el Templo resuenan en las palabras de esta nota.<\/p>\n<p>La nota de Tish Leroy dice:<\/p>\n<blockquote><p>Pap\u00e1<br \/>\nno veo<br \/>\nmanera\u2014estoy de acuerdo<br \/>\ncon tu decisi\u00f3n\u2014<br \/>\ns\u00f3lo temo que<br \/>\nsin ti<br \/>\nel mundo podr\u00eda no lograr<br \/>\nel comunismo\u2014Tish<br \/>\nPor mi parte\u2014 yo<br \/>\nestoy m\u00e1s que<br \/>\ncansada de este desquiciado, inclemente<br \/>\nplaneta e infierno<br \/>\nque aguarda para<br \/>\ntantas masas de<br \/>\ngente hermosa\u2014<br \/>\nGracias por la \u00fanica vida que he conocido<\/p><\/blockquote>\n","protected":false},"excerpt":{"rendered":"<p>Spanish translation of https:\/\/jonestown.sdsu.edu\/?page_id=13942. Traducci\u00f3n por: Luis \u00c1ngel Gonz\u00e1lez Rocha.\u00a0Correo electr\u00f3nico: axayacatl.ahuizotl@hotmail.com. Uno de los pocos art\u00edculos encontrados en el cuerpo de Jim Jones tras las muertes en Jonestown fue una simple hoja de papel sobre la cual fue escrita una nota de despedida al l\u00edder del Templo. Descrita por el FBI como \u201cuna pieza [&hellip;]<\/p>\n","protected":false},"author":2,"featured_media":0,"parent":71586,"menu_order":8,"comment_status":"closed","ping_status":"closed","template":"","meta":{"_acf_changed":false,"footnotes":""},"class_list":["post-82276","page","type-page","status-publish","hentry"],"acf":[],"_links":{"self":[{"href":"https:\/\/jonestown.sdsu.edu\/index.php?rest_route=\/wp\/v2\/pages\/82276","targetHints":{"allow":["GET"]}}],"collection":[{"href":"https:\/\/jonestown.sdsu.edu\/index.php?rest_route=\/wp\/v2\/pages"}],"about":[{"href":"https:\/\/jonestown.sdsu.edu\/index.php?rest_route=\/wp\/v2\/types\/page"}],"author":[{"embeddable":true,"href":"https:\/\/jonestown.sdsu.edu\/index.php?rest_route=\/wp\/v2\/users\/2"}],"replies":[{"embeddable":true,"href":"https:\/\/jonestown.sdsu.edu\/index.php?rest_route=%2Fwp%2Fv2%2Fcomments&post=82276"}],"version-history":[{"count":1,"href":"https:\/\/jonestown.sdsu.edu\/index.php?rest_route=\/wp\/v2\/pages\/82276\/revisions"}],"predecessor-version":[{"id":82277,"href":"https:\/\/jonestown.sdsu.edu\/index.php?rest_route=\/wp\/v2\/pages\/82276\/revisions\/82277"}],"up":[{"embeddable":true,"href":"https:\/\/jonestown.sdsu.edu\/index.php?rest_route=\/wp\/v2\/pages\/71586"}],"wp:attachment":[{"href":"https:\/\/jonestown.sdsu.edu\/index.php?rest_route=%2Fwp%2Fv2%2Fmedia&parent=82276"}],"curies":[{"name":"wp","href":"https:\/\/api.w.org\/{rel}","templated":true}]}}